{"id":31,"date":"2026-05-08T16:56:10","date_gmt":"2026-05-08T16:56:10","guid":{"rendered":"https:\/\/eseradigital.es\/marcos\/?st-import=09365df8ade7d37359edc5f2970c9438"},"modified":"2026-05-11T07:03:40","modified_gmt":"2026-05-11T07:03:40","slug":"contacto","status":"publish","type":"page","link":"https:\/\/eseradigital.es\/marcos\/contacto\/","title":{"rendered":"Contacto"},"content":{"rendered":"\t\t<div data-elementor-type=\"wp-page\" data-elementor-id=\"31\" class=\"elementor elementor-31\" data-elementor-post-type=\"page\">\n\t\t\t\t<div class=\"elementor-element elementor-element-0acf847 e-con-full e-flex e-con e-parent\" data-id=\"0acf847\" data-element_type=\"container\" data-e-type=\"container\" data-settings=\"{&quot;background_background&quot;:&quot;classic&quot;,&quot;shape_divider_bottom&quot;:&quot;tilt&quot;}\">\n\t\t\t\t<div class=\"elementor-shape elementor-shape-bottom\" aria-hidden=\"true\" data-negative=\"false\">\n\t\t\t<svg xmlns=\"http:\/\/www.w3.org\/2000\/svg\" viewBox=\"0 0 1000 100\" preserveAspectRatio=\"none\">\n\t<path class=\"elementor-shape-fill\" d=\"M0,6V0h1000v100L0,6z\"\/>\n<\/svg>\t\t<\/div>\n\t\t<div class=\"elementor-element elementor-element-d34cb57 e-con-full e-flex e-con e-child\" data-id=\"d34cb57\" data-element_type=\"container\" data-e-type=\"container\">\n\t\t\t\t<div class=\"elementor-element elementor-element-cceca82 elementor-widget elementor-widget-icon-box\" data-id=\"cceca82\" data-element_type=\"widget\" data-e-type=\"widget\" data-widget_type=\"icon-box.default\">\n\t\t\t\t\t\t\t<div class=\"elementor-icon-box-wrapper\">\n\n\t\t\t\n\t\t\t\t\t\t<div class=\"elementor-icon-box-content\">\n\n\t\t\t\t\t\t\t\t\t<h1 class=\"elementor-icon-box-title\">\n\t\t\t\t\t\t<span  >\n\t\t\t\t\t\t\tCONTACTO\t\t\t\t\t\t<\/span>\n\t\t\t\t\t<\/h1>\n\t\t\t\t\n\t\t\t\t\t\t\t\t\t<p class=\"elementor-icon-box-description\">\n\t\t\t\t\t\tD\u00e9jame tus datos y contactar\u00e9 contigo lo antes posible\t\t\t\t\t<\/p>\n\t\t\t\t\n\t\t\t<\/div>\n\t\t\t\n\t\t<\/div>\n\t\t\t\t\t\t<\/div>\n\t\t\t\t<\/div>\n\t\t\t\t<\/div>\n\t\t<div class=\"elementor-element elementor-element-22f0004 e-flex e-con-boxed e-con e-parent\" data-id=\"22f0004\" data-element_type=\"container\" data-e-type=\"container\" data-settings=\"{&quot;background_background&quot;:&quot;classic&quot;}\">\n\t\t\t\t\t<div class=\"e-con-inner\">\n\t\t<div class=\"elementor-element elementor-element-97981c2 e-con-full e-flex e-con e-child\" data-id=\"97981c2\" data-element_type=\"container\" data-e-type=\"container\" data-settings=\"{&quot;background_background&quot;:&quot;classic&quot;}\">\n\t\t\t\t<div class=\"elementor-element elementor-element-feaac89 elementor-widget elementor-widget-icon-box\" data-id=\"feaac89\" data-element_type=\"widget\" data-e-type=\"widget\" data-widget_type=\"icon-box.default\">\n\t\t\t\t\t\t\t<div class=\"elementor-icon-box-wrapper\">\n\n\t\t\t\n\t\t\t\t\t\t<div class=\"elementor-icon-box-content\">\n\n\t\t\t\t\t\t\t\t\t<h5 class=\"elementor-icon-box-title\">\n\t\t\t\t\t\t<span  >\n\t\t\t\t\t\t\tMARCOS BERNAB\u00c9U\t\t\t\t\t\t<\/span>\n\t\t\t\t\t<\/h5>\n\t\t\t\t\n\t\t\t\t\t\t\t\t\t<p class=\"elementor-icon-box-description\">\n\t\t\t\t\t\tAntes de empezar, quiero conocer tu situaci\u00f3n y confirmar que puedo ayudarte de verdad.\n\t\t\t\t\t<\/p>\n\t\t\t\t\n\t\t\t<\/div>\n\t\t\t\n\t\t<\/div>\n\t\t\t\t\t\t<\/div>\n\t\t\t\t<div class=\"elementor-element elementor-element-a113259 elementor-view-stacked elementor-position-inline-start elementor-shape-circle elementor-mobile-position-block-start elementor-widget elementor-widget-icon-box\" data-id=\"a113259\" data-element_type=\"widget\" data-e-type=\"widget\" data-widget_type=\"icon-box.default\">\n\t\t\t\t\t\t\t<div class=\"elementor-icon-box-wrapper\">\n\n\t\t\t\t\t\t<div class=\"elementor-icon-box-icon\">\n\t\t\t\t<a href=\"https:\/\/www.instagram.com\/marcosbernabeu\/\" target=\"_blank\" class=\"elementor-icon\" tabindex=\"-1\" aria-label=\"@marcosbernabeu\">\n\t\t\t\t<svg aria-hidden=\"true\" class=\"e-font-icon-svg e-fab-instagram\" viewBox=\"0 0 448 512\" xmlns=\"http:\/\/www.w3.org\/2000\/svg\"><path d=\"M224.1 141c-63.6 0-114.9 51.3-114.9 114.9s51.3 114.9 114.9 114.9S339 319.5 339 255.9 287.7 141 224.1 141zm0 189.6c-41.1 0-74.7-33.5-74.7-74.7s33.5-74.7 74.7-74.7 74.7 33.5 74.7 74.7-33.6 74.7-74.7 74.7zm146.4-194.3c0 14.9-12 26.8-26.8 26.8-14.9 0-26.8-12-26.8-26.8s12-26.8 26.8-26.8 26.8 12 26.8 26.8zm76.1 27.2c-1.7-35.9-9.9-67.7-36.2-93.9-26.2-26.2-58-34.4-93.9-36.2-37-2.1-147.9-2.1-184.9 0-35.8 1.7-67.6 9.9-93.9 36.1s-34.4 58-36.2 93.9c-2.1 37-2.1 147.9 0 184.9 1.7 35.9 9.9 67.7 36.2 93.9s58 34.4 93.9 36.2c37 2.1 147.9 2.1 184.9 0 35.9-1.7 67.7-9.9 93.9-36.2 26.2-26.2 34.4-58 36.2-93.9 2.1-37 2.1-147.8 0-184.8zM398.8 388c-7.8 19.6-22.9 34.7-42.6 42.6-29.5 11.7-99.5 9-132.1 9s-102.7 2.6-132.1-9c-19.6-7.8-34.7-22.9-42.6-42.6-11.7-29.5-9-99.5-9-132.1s-2.6-102.7 9-132.1c7.8-19.6 22.9-34.7 42.6-42.6 29.5-11.7 99.5-9 132.1-9s102.7-2.6 132.1 9c19.6 7.8 34.7 22.9 42.6 42.6 11.7 29.5 9 99.5 9 132.1s2.7 102.7-9 132.1z\"><\/path><\/svg>\t\t\t\t<\/a>\n\t\t\t<\/div>\n\t\t\t\n\t\t\t\t\t\t<div class=\"elementor-icon-box-content\">\n\n\t\t\t\t\t\t\t\t\t<span class=\"elementor-icon-box-title\">\n\t\t\t\t\t\t<a href=\"https:\/\/www.instagram.com\/marcosbernabeu\/\" target=\"_blank\" >\n\t\t\t\t\t\t\t@marcosbernabeu\t\t\t\t\t\t<\/a>\n\t\t\t\t\t<\/span>\n\t\t\t\t\n\t\t\t\t\n\t\t\t<\/div>\n\t\t\t\n\t\t<\/div>\n\t\t\t\t\t\t<\/div>\n\t\t\t\t<div class=\"elementor-element elementor-element-6143564 elementor-view-stacked elementor-position-inline-start elementor-shape-circle elementor-mobile-position-block-start elementor-widget elementor-widget-icon-box\" data-id=\"6143564\" data-element_type=\"widget\" data-e-type=\"widget\" data-widget_type=\"icon-box.default\">\n\t\t\t\t\t\t\t<div class=\"elementor-icon-box-wrapper\">\n\n\t\t\t\t\t\t<div class=\"elementor-icon-box-icon\">\n\t\t\t\t<a href=\"mailto:nutricion@marcosbernabeu.com\" class=\"elementor-icon\" tabindex=\"-1\" aria-label=\"nutricion@marcosbernabeu.com\">\n\t\t\t\t<svg aria-hidden=\"true\" class=\"e-font-icon-svg e-far-envelope\" viewBox=\"0 0 512 512\" xmlns=\"http:\/\/www.w3.org\/2000\/svg\"><path d=\"M464 64H48C21.49 64 0 85.49 0 112v288c0 26.51 21.49 48 48 48h416c26.51 0 48-21.49 48-48V112c0-26.51-21.49-48-48-48zm0 48v40.805c-22.422 18.259-58.168 46.651-134.587 106.49-16.841 13.247-50.201 45.072-73.413 44.701-23.208.375-56.579-31.459-73.413-44.701C106.18 199.465 70.425 171.067 48 152.805V112h416zM48 400V214.398c22.914 18.251 55.409 43.862 104.938 82.646 21.857 17.205 60.134 55.186 103.062 54.955 42.717.231 80.509-37.199 103.053-54.947 49.528-38.783 82.032-64.401 104.947-82.653V400H48z\"><\/path><\/svg>\t\t\t\t<\/a>\n\t\t\t<\/div>\n\t\t\t\n\t\t\t\t\t\t<div class=\"elementor-icon-box-content\">\n\n\t\t\t\t\t\t\t\t\t<span class=\"elementor-icon-box-title\">\n\t\t\t\t\t\t<a href=\"mailto:nutricion@marcosbernabeu.com\" >\n\t\t\t\t\t\t\tnutricion@marcosbernabeu.com\t\t\t\t\t\t<\/a>\n\t\t\t\t\t<\/span>\n\t\t\t\t\n\t\t\t\t\n\t\t\t<\/div>\n\t\t\t\n\t\t<\/div>\n\t\t\t\t\t\t<\/div>\n\t\t\t\t<div class=\"elementor-element elementor-element-55b3a99 elementor-view-stacked elementor-position-inline-start elementor-shape-circle elementor-mobile-position-block-start elementor-widget elementor-widget-icon-box\" data-id=\"55b3a99\" data-element_type=\"widget\" data-e-type=\"widget\" data-widget_type=\"icon-box.default\">\n\t\t\t\t\t\t\t<div class=\"elementor-icon-box-wrapper\">\n\n\t\t\t\t\t\t<div class=\"elementor-icon-box-icon\">\n\t\t\t\t<span  class=\"elementor-icon\">\n\t\t\t\t<svg aria-hidden=\"true\" class=\"e-font-icon-svg e-fas-location-arrow\" viewBox=\"0 0 512 512\" xmlns=\"http:\/\/www.w3.org\/2000\/svg\"><path d=\"M444.52 3.52L28.74 195.42c-47.97 22.39-31.98 92.75 19.19 92.75h175.91v175.91c0 51.17 70.36 67.17 92.75 19.19l191.9-415.78c15.99-38.39-25.59-79.97-63.97-63.97z\"><\/path><\/svg>\t\t\t\t<\/span>\n\t\t\t<\/div>\n\t\t\t\n\t\t\t\t\t\t<div class=\"elementor-icon-box-content\">\n\n\t\t\t\t\t\t\t\t\t<span class=\"elementor-icon-box-title\">\n\t\t\t\t\t\t<span  >\n\t\t\t\t\t\t\tAlicante (Espa\u00f1a)\t\t\t\t\t\t<\/span>\n\t\t\t\t\t<\/span>\n\t\t\t\t\n\t\t\t\t\n\t\t\t<\/div>\n\t\t\t\n\t\t<\/div>\n\t\t\t\t\t\t<\/div>\n\t\t\t\t<\/div>\n\t\t<div class=\"elementor-element elementor-element-5b3d24b e-con-full e-flex e-con e-child\" data-id=\"5b3d24b\" data-element_type=\"container\" data-e-type=\"container\" data-settings=\"{&quot;background_background&quot;:&quot;classic&quot;}\">\n\t\t\t\t<\/div>\n\t\t\t\t\t<\/div>\n\t\t\t\t<\/div>\n\t\t<div class=\"elementor-element elementor-element-4d15490e e-flex e-con-boxed e-con e-parent\" data-id=\"4d15490e\" data-element_type=\"container\" data-e-type=\"container\" data-settings=\"{&quot;background_background&quot;:&quot;classic&quot;}\">\n\t\t\t\t\t<div class=\"e-con-inner\">\n\t\t\t\t\t\t\t<h4 \n\t\tdata-interaction-id=\"735c3cee\" \n\t\tclass=\"e-735c3cee-817b5fe e-heading-base\" \n\t\t \n\t\t\n\t>\n\t\n\t\t\t\u00a1EMPIEZA AHORA!\n\t\t<\/h4>\n\t\t\t\t\t\t\t\t<p class=\"e-6a14dbc1-9b7481f e-paragraph-base\" data-interaction-id=\"6a14dbc1\"  >\n\t\t\t\t\t\t\t\t<strong>Si en 30 d\u00edas no sientes mejoras, ajustaremos el plan hasta que funcione.<\/strong>\n\t\t\t\t\t<\/p>\n\t\t\t\t\t    \t            <a\n            href=\"https:\/\/eseradigital.es\/marcos\/#planpersonalizado\" target=\"_self\"\n            class=\"e-3d060de9-dc05e63 e-button-base\"\n            data-interaction-id=\"3d060de9\"\n             \n        >\n            COMENZAR MI TRANSFORMACI\u00d3N\n        <\/a>\n    \t\t\t\t\t<\/div>\n\t\t\t\t<\/div>\n\t\t<div class=\"elementor-element elementor-element-6994cda4 e-flex e-con-boxed e-con e-parent\" data-id=\"6994cda4\" data-element_type=\"container\" data-e-type=\"container\" data-settings=\"{&quot;background_background&quot;:&quot;classic&quot;}\">\n\t\t\t\t\t<div class=\"e-con-inner\">\n\t\t\t\t\t\t\t<h4 \n\t\tdata-interaction-id=\"3ddc9e7f\" \n\t\tclass=\"e-3ddc9e7f-0dc6003 e-heading-base\" \n\t\t \n\t\t\n\t>\n\t\n\t\t\tNUTRICIONISTA\n\t\t<\/h4>\n\t\t\t\t\t\t\t\t<p class=\"e-68021d6a-08bbce4 e-paragraph-base\" data-interaction-id=\"68021d6a\"  >\n\t\t\t\t\t\t\t\tOFICIAL \/ COLABORADORES\n\t\t\t\t\t<\/p>\n\t\t\t\t\t<\/div>\n\t\t\t\t<\/div>\n\t\t<div class=\"elementor-element elementor-element-79948fd2 e-flex e-con-boxed e-con e-parent\" data-id=\"79948fd2\" data-element_type=\"container\" data-e-type=\"container\">\n\t\t\t\t\t<div class=\"e-con-inner\">\n\t\t<div class=\"elementor-element elementor-element-1864f04c e-con-full e-flex e-con e-child\" data-id=\"1864f04c\" data-element_type=\"container\" data-e-type=\"container\">\n\t\t\t\t\t\t\t\n\t\t\t\t<a\n\t\t\thref=\"https:\/\/crossfit104.com\/\" target=\"_self\"\n\t\t\tclass=\"e-image-link-base\"\n\t\t\tdata-interaction-id=\"553b780e\"\n\t\t>\n\t\t<img class=\"e-image-base e-553b780e-55d57ef\" \n\t\t\t\t\tdata-interaction-id=\"553b780e\" \n\t\t \n\t\t \n\t\t\t\t\t\t\t\t\tid=\"1142\"\n\t\t\t\t\t\t\t\t\t\t\t\tsrc=\"https:\/\/eseradigital.es\/marcos\/wp-content\/uploads\/2026\/05\/104box-logoMB-125-1.png\"\n\t\t\t\t\t\t\t\t\t\t\t\twidth=\"125\"\n\t\t\t\t\t\t\t\t\t\t\t\theight=\"125\"\n\t\t\t\t\t\t\t\t\t\t\t\tsrcset=\"\"\n\t\t\t\t\t\t\t\t\t\t\t\talt=\"\"\n\t\t\t\t\t\t\/>\n\t\t\t<\/a>\n\t\t\t\t\t<\/div>\n\t\t<div class=\"elementor-element elementor-element-52ec44f e-con-full e-flex e-con e-child\" data-id=\"52ec44f\" data-element_type=\"container\" data-e-type=\"container\">\n\t\t\t\t\t\t\t\n\t\t\t\t<a\n\t\t\thref=\"https:\/\/cfintercity.com\/\" target=\"_self\"\n\t\t\tclass=\"e-image-link-base\"\n\t\t\tdata-interaction-id=\"3a8c381b\"\n\t\t>\n\t\t<img class=\"e-image-base e-3a8c381b-b227776\" \n\t\t\t\t\tdata-interaction-id=\"3a8c381b\" \n\t\t \n\t\t \n\t\t\t\t\t\t\t\t\tid=\"1144\"\n\t\t\t\t\t\t\t\t\t\t\t\tsrc=\"https:\/\/eseradigital.es\/marcos\/wp-content\/uploads\/2026\/05\/logo-intercity-1-1.png\"\n\t\t\t\t\t\t\t\t\t\t\t\twidth=\"125\"\n\t\t\t\t\t\t\t\t\t\t\t\theight=\"125\"\n\t\t\t\t\t\t\t\t\t\t\t\tsrcset=\"\"\n\t\t\t\t\t\t\t\t\t\t\t\talt=\"\"\n\t\t\t\t\t\t\/>\n\t\t\t<\/a>\n\t\t\t\t\t<\/div>\n\t\t<div class=\"elementor-element elementor-element-4504c52 e-con-full e-flex e-con e-child\" data-id=\"4504c52\" data-element_type=\"container\" data-e-type=\"container\">\n\t\t\t\t\t\t\t\n\t\t\t\t<a\n\t\t\thref=\"https:\/\/fundacionlucentum.com\/\" target=\"_blank\"\n\t\t\tclass=\"e-image-link-base\"\n\t\t\tdata-interaction-id=\"2efdf697\"\n\t\t>\n\t\t<img class=\"e-image-base e-2efdf697-de161c8\" \n\t\t\t\t\tdata-interaction-id=\"2efdf697\" \n\t\t \n\t\t \n\t\t\t\t\t\t\t\t\tid=\"1145\"\n\t\t\t\t\t\t\t\t\t\t\t\tsrc=\"https:\/\/eseradigital.es\/marcos\/wp-content\/uploads\/2026\/05\/logo-lucentum-fundacion-1.png\"\n\t\t\t\t\t\t\t\t\t\t\t\twidth=\"125\"\n\t\t\t\t\t\t\t\t\t\t\t\theight=\"125\"\n\t\t\t\t\t\t\t\t\t\t\t\tsrcset=\"\"\n\t\t\t\t\t\t\t\t\t\t\t\talt=\"\"\n\t\t\t\t\t\t\/>\n\t\t\t<\/a>\n\t\t\t\t\t<\/div>\n\t\t<div class=\"elementor-element elementor-element-5ba44d04 e-con-full e-flex e-con e-child\" data-id=\"5ba44d04\" data-element_type=\"container\" data-e-type=\"container\">\n\t\t\t\t\t\t\t\n\t\t\t\t<a\n\t\t\thref=\"https:\/\/as.com\/tikitakas\/salud\/marcos-bernabeu-experto-en-nutricion-sobre-la-bebida-que-toma-carlos-alcaraz-te-voy-a-explicar-por-que-esto-funciona-f202601-n\/\" target=\"_blank\"\n\t\t\tclass=\"e-image-link-base\"\n\t\t\tdata-interaction-id=\"57fdc646\"\n\t\t>\n\t\t<img class=\"e-image-base e-57fdc646-7990cea\" \n\t\t\t\t\tdata-interaction-id=\"57fdc646\" \n\t\t \n\t\t \n\t\t\t\t\t\t\t\t\tid=\"1169\"\n\t\t\t\t\t\t\t\t\t\t\t\tsrc=\"https:\/\/eseradigital.es\/marcos\/wp-content\/uploads\/2026\/05\/Logo-AS.jpg\"\n\t\t\t\t\t\t\t\t\t\t\t\twidth=\"125\"\n\t\t\t\t\t\t\t\t\t\t\t\theight=\"125\"\n\t\t\t\t\t\t\t\t\t\t\t\tsrcset=\"\"\n\t\t\t\t\t\t\t\t\t\t\t\talt=\"\"\n\t\t\t\t\t\t\/>\n\t\t\t<\/a>\n\t\t\t\t\t<\/div>\n\t\t\t\t\t<\/div>\n\t\t\t\t<\/div>\n\t\t\t\t<\/div>\n\t\t","protected":false},"excerpt":{"rendered":"<p>CONTACTO D\u00e9jame tus datos y contactar\u00e9 contigo lo antes posible MARCOS BERNAB\u00c9U Antes de empezar, quiero conocer tu situaci\u00f3n y confirmar que puedo ayudarte de verdad. @marcosbernabeu nutricion@marcosbernabeu.com Alicante (Espa\u00f1a) \u00a1EMPIEZA AHORA! Si en 30 d\u00edas no sientes mejoras, ajustaremos el plan hasta que funcione. COMENZAR MI TRANSFORMACI\u00d3N NUTRICIONISTA OFICIAL \/ COLABORADORES<\/p>\n","protected":false},"author":1,"featured_media":0,"parent":0,"menu_order":0,"comment_status":"closed","ping_status":"closed","template":"","meta":{"site-sidebar-layout":"no-sidebar","site-content-layout":"page-builder","ast-site-content-layout":"default","site-content-style":"default","site-sidebar-style":"default","ast-global-header-display":"","ast-banner-title-visibility":"","ast-main-header-display":"","ast-hfb-above-header-display":"","ast-hfb-below-header-display":"","ast-hfb-mobile-header-display":"","site-post-title":"disabled","ast-breadcrumbs-content":"disabled","ast-featured-img":"disabled","footer-sml-layout":"","ast-disable-related-posts":"","theme-transparent-header-meta":"enabled","adv-header-id-meta":"","stick-header-meta":"","header-above-stick-meta":"","header-main-stick-meta":"","header-below-stick-meta":"","astra-migrate-meta-layouts":"default","ast-page-background-enabled":"default","ast-page-background-meta":{"desktop":{"background-color":"","background-image":"","background-repeat":"repeat","background-position":"center center","background-size":"auto","background-attachment":"scroll","background-type":"","background-media":"","overlay-type":"","overlay-color":"","overlay-opacity":"","overlay-gradient":""},"tablet":{"background-color":"","background-image":"","background-repeat":"repeat","background-position":"center center","background-size":"auto","background-attachment":"scroll","background-type":"","background-media":"","overlay-type":"","overlay-color":"","overlay-opacity":"","overlay-gradient":""},"mobile":{"background-color":"","background-image":"","background-repeat":"repeat","background-position":"center center","background-size":"auto","background-attachment":"scroll","background-type":"","background-media":"","overlay-type":"","overlay-color":"","overlay-opacity":"","overlay-gradient":""}},"ast-content-background-meta":{"desktop":{"background-color":"var(--ast-global-color-4)","background-image":"","background-repeat":"repeat","background-position":"center center","background-size":"auto","background-attachment":"scroll","background-type":"","background-media":"","overlay-type":"","overlay-color":"","overlay-opacity":"","overlay-gradient":""},"tablet":{"background-color":"var(--ast-global-color-4)","background-image":"","background-repeat":"repeat","background-position":"center center","background-size":"auto","background-attachment":"scroll","background-type":"","background-media":"","overlay-type":"","overlay-color":"","overlay-opacity":"","overlay-gradient":""},"mobile":{"background-color":"var(--ast-global-color-4)","background-image":"","background-repeat":"repeat","background-position":"center center","background-size":"auto","background-attachment":"scroll","background-type":"","background-media":"","overlay-type":"","overlay-color":"","overlay-opacity":"","overlay-gradient":""}},"footnotes":""},"class_list":["post-31","page","type-page","status-publish","hentry"],"_links":{"self":[{"href":"https:\/\/eseradigital.es\/marcos\/wp-json\/wp\/v2\/pages\/31","targetHints":{"allow":["GET"]}}],"collection":[{"href":"https:\/\/eseradigital.es\/marcos\/wp-json\/wp\/v2\/pages"}],"about":[{"href":"https:\/\/eseradigital.es\/marcos\/wp-json\/wp\/v2\/types\/page"}],"author":[{"embeddable":true,"href":"https:\/\/eseradigital.es\/marcos\/wp-json\/wp\/v2\/users\/1"}],"replies":[{"embeddable":true,"href":"https:\/\/eseradigital.es\/marcos\/wp-json\/wp\/v2\/comments?post=31"}],"version-history":[{"count":28,"href":"https:\/\/eseradigital.es\/marcos\/wp-json\/wp\/v2\/pages\/31\/revisions"}],"predecessor-version":[{"id":1416,"href":"https:\/\/eseradigital.es\/marcos\/wp-json\/wp\/v2\/pages\/31\/revisions\/1416"}],"wp:attachment":[{"href":"https:\/\/eseradigital.es\/marcos\/wp-json\/wp\/v2\/media?parent=31"}],"curies":[{"name":"wp","href":"https:\/\/api.w.org\/{rel}","templated":true}]}}